{"id":781,"date":"2026-04-20T12:36:25","date_gmt":"2026-04-20T12:36:25","guid":{"rendered":"https:\/\/www.moore-czech.cz\/?page_id=781"},"modified":"2026-04-20T12:36:27","modified_gmt":"2026-04-20T12:36:27","slug":"kariera","status":"publish","type":"page","link":"https:\/\/www.moore-czech.cz\/en\/kariera\/","title":{"rendered":"Kari\u00e9ra"},"content":{"rendered":"<style id=\"strategiq-hero-style\">@media (min-width: 992px){.block-hero{margin-left:83px}}.block-hero .position-relative:has(.hero__svg){overflow:hidden}.block-hero .hero__svg{z-index:1;-webkit-transform:translateX(100%);transform:translateX(100%);opacity:0;-webkit-animation:heroSvgFadeIn 1s ease-out forwards;animation:heroSvgFadeIn 1s ease-out forwards;-webkit-animation-delay:0.3s;animation-delay:0.3s}.block-hero .hero__svg-left{position:absolute;left:0;top:0;height:100%;-webkit-transform:translateX(100%);transform:translateX(100%);opacity:0;-webkit-animation:heroSvgFadeInReverse 2s cubic-bezier(0.25, 0.1, 0.05, 1) forwards;animation:heroSvgFadeInReverse 2s cubic-bezier(0.25, 0.1, 0.05, 1) forwards;-webkit-animation-delay:0.3s;animation-delay:0.3s}.block-hero .hero__svg-right{position:absolute;right:0;top:0;height:100%;-webkit-transform:translateX(-100%);transform:translateX(-100%);opacity:0;-webkit-animation:heroSvgFadeIn 2s cubic-bezier(0.25, 0.1, 0.05, 1) forwards;animation:heroSvgFadeIn 2s cubic-bezier(0.25, 0.1, 0.05, 1) forwards;-webkit-animation-delay:1s;animation-delay:1s}@-webkit-keyframes heroSvgFadeIn{0%{opacity:0;-webkit-transform:translateX(100%);transform:translateX(100%)}100%{opacity:1;-webkit-transform:translateX(0);transform:translateX(0)}}@keyframes heroSvgFadeIn{0%{opacity:0;-webkit-transform:translateX(100%);transform:translateX(100%)}100%{opacity:1;-webkit-transform:translateX(0);transform:translateX(0)}}@-webkit-keyframes heroSvgFadeInReverse{0%{opacity:0;-webkit-transform:translateX(-100%);transform:translateX(-100%)}100%{opacity:1;-webkit-transform:translateX(0);transform:translateX(0)}}@keyframes heroSvgFadeInReverse{0%{opacity:0;-webkit-transform:translateX(-100%);transform:translateX(-100%)}100%{opacity:1;-webkit-transform:translateX(0);transform:translateX(0)}}.block-hero--large{margin-left:0}.block-hero--large .hero{background:transparent}.block-hero--large.has-secondary-background-color .hero__content-wrapper{background-color:#5C0696}.block-hero--large.has-primary-background-color .hero__content-wrapper{background-color:#02212E}.block-hero--large.has-prussian-blue-background-color{background-color:transparent !important}.block-hero--large.has-prussian-blue-background-color .hero__content-wrapper{background:#004C6C}.block-hero--large.has-primary-gradient-gradient-background{background:transparent !important}.block-hero--large.has-primary-gradient-gradient-background .hero__content-wrapper{background:var(--primary-gradient)}.block-hero--large.has-secondary-gradient-gradient-background{background:transparent !important}.block-hero--large.has-secondary-gradient-gradient-background .hero__content-wrapper{background:var(--secondary-gradient)}.block-hero--large.has-tertiary-gradient-gradient-background{background:transparent !important}.block-hero--large.has-tertiary-gradient-gradient-background .hero__content-wrapper{background:var(--tertiary-gradient)}@media (min-width: 992px){.block-hero--heading-above-image{border-left:1px solid #D9D9D9;margin-right:83px}}.block-hero--heading-above-image .hero{min-height:410px}@media (min-width: 768px){.block-hero--heading-above-image .hero{min-height:570px}}.block-hero--heading-above-image .hero--call-to-action{-webkit-box-pack:end;-ms-flex-pack:end;justify-content:flex-end}@media (min-width: 992px){.block-hero--heading-above-image .hero--call-to-action{padding-right:0}}.block-hero.has-secondary-background-color{background-color:transparent !important}.block-hero.has-secondary-background-color .hero{background:#5C0696}.block-hero.has-white-background-color .hero{background:#fff}.block-hero.has-white-background-color .hero__title,.block-hero.has-white-background-color .hero__content p{color:#000}.block-hero.has-light-blue-background-color .hero{background:#eaf7fe}.block-hero.has-light-blue-background-color .hero__title,.block-hero.has-light-blue-background-color .hero__content p{color:#000}.block-hero.has-primary-background-color .hero{background:#02212E}.block-hero.has-prussian-blue-background-color{background-color:transparent !important}.block-hero.has-prussian-blue-background-color .hero{background:#004C6C}.block-hero.has-primary-gradient-gradient-background{background:transparent !important}.block-hero.has-primary-gradient-gradient-background .hero{background:var(--primary-gradient)}.block-hero.has-secondary-gradient-gradient-background{background:transparent !important}.block-hero.has-secondary-gradient-gradient-background .hero{background:var(--secondary-gradient)}.block-hero.has-tertiary-gradient-gradient-background{background:transparent !important}.block-hero.has-tertiary-gradient-gradient-background .hero{background:var(--tertiary-gradient)}\n\n\/*# sourceMappingURL=block-hero.css.map *\/\n<\/style>\n<section class=\"wp-block-strategiq block-hero block-hero block-hero--default wp-block-strategiq-hero\">\n\t\n\n<div class=\"hero hero--default\">\n\t\n\t<div class=\"container-fluid\">\n\t\t<div class=\"row\">\n\t\t\t<div class=\"col-12  p-0\">\n\t\t\t\t\t\t\t\t\t\t\t\t\t\t\t\n\t\t\t\t\t\t\t\t\t\t\t\t\t\t\t<img decoding=\"async\" class=\"hero__svg-left\" src=\"https:\/\/www.moore-czech.cz\/wp-content\/themes\/moore-global\/assets\/images\/hero-default-left.svg\" alt=\"Hero Image\">\n\n\t\t\t\t\t\t\t\t<img decoding=\"async\" class=\"hero__svg-right\" src=\"https:\/\/www.moore-czech.cz\/wp-content\/themes\/moore-global\/assets\/images\/hero-default-right.svg\" alt=\"Hero Image\">\n\t\t\t\t\t\t\t\n\t\t\t\t\t\t\t\t\t\t\t\t\t\t\t\n\t\t\t\t\n\t\t\t\t\t\t\t\t\t<div class=\"hero__content-wrapper\">\n\t\t\t\t\t\t<div class=\"hero__content\">\n\t\t\t\t\t\t\t<h1 class='hero__title'>Kari\u00e9ra<\/h1>\t\t\t\t\t\t\t\t\t\t\t\t\t\t\t\t\t\t\t\t<\/div>\n\t\t\t\t\t<\/div>\n\t\t\t\t\n\t\t\t<\/div>\n\n\t\t\t\t\t<\/div>\n\t<\/div>\n\n\t<\/div>\n<\/section>\n\n\n\n<div class=\"wp-block-columns has-small-font-size is-layout-flex wp-container-core-columns-is-layout-ee5bd67b wp-block-columns-is-layout-flex\" style=\"border-style:none;border-width:0px;margin-top:var(--wp--preset--spacing--20);margin-bottom:var(--wp--preset--spacing--20);padding-top:var(--wp--preset--spacing--20);padding-right:var(--wp--preset--spacing--20);padding-bottom:var(--wp--preset--spacing--20);padding-left:var(--wp--preset--spacing--20)\">\n<div class=\"wp-block-column is-vertically-aligned-center is-layout-flow wp-block-column-is-layout-flow\">\n<figure class=\"wp-block-image aligncenter size-full is-resized is-style-default\"><a href=\"https:\/\/www.moore-czech.cz\/wp-content\/uploads\/sites\/3\/2026\/04\/14879.jpg\"><img decoding=\"async\" width=\"1500\" height=\"1000\" src=\"https:\/\/www.moore-czech.cz\/wp-content\/uploads\/sites\/3\/2026\/04\/14879.jpg\" alt=\"\" class=\"wp-image-782\" style=\"width:520px;height:auto\" srcset=\"https:\/\/www.moore-czech.cz\/wp-content\/uploads\/sites\/3\/2026\/04\/14879.jpg 1500w, https:\/\/www.moore-czech.cz\/wp-content\/uploads\/sites\/3\/2026\/04\/14879-300x200.jpg 300w, https:\/\/www.moore-czech.cz\/wp-content\/uploads\/sites\/3\/2026\/04\/14879-1024x683.jpg 1024w, https:\/\/www.moore-czech.cz\/wp-content\/uploads\/sites\/3\/2026\/04\/14879-768x512.jpg 768w, https:\/\/www.moore-czech.cz\/wp-content\/uploads\/sites\/3\/2026\/04\/14879-18x12.jpg 18w\" sizes=\"(max-width: 1500px) 100vw, 1500px\" \/><\/a><\/figure>\n<\/div>\n\n\n\n<div class=\"wp-block-column is-layout-flow wp-block-column-is-layout-flow\" style=\"padding-top:var(--wp--preset--spacing--20);padding-right:7.8rem;padding-bottom:var(--wp--preset--spacing--20)\">\n<p>Hled\u00e1te prost\u0159ed\u00ed, kde m\u00e1 va\u0161e pr\u00e1ce smysl a kde se m\u016f\u017eete profesn\u011b i osobn\u011b posouvat? V Moore Czech Republic v\u011b\u0159\u00edme, \u017ee za ka\u017ed\u00fdm \u00fasp\u011bchem stoj\u00ed lid\u00e9. Proto vytv\u00e1\u0159\u00edme prost\u0159ed\u00ed, kter\u00e9 podporuje r\u016fst, spolupr\u00e1ci i sd\u00edlen\u00ed zku\u0161enost\u00ed nap\u0159\u00ed\u010d celou skupinou.<\/p>\n\n\n\n<p>A\u0165 u\u017e jste na za\u010d\u00e1tku kari\u00e9ry, nebo hled\u00e1te dal\u0161\u00ed profesn\u00ed v\u00fdzvu, nab\u00edz\u00edme p\u0159\u00edle\u017eitosti v oblasti poradenstv\u00ed, auditu, \u00fa\u010detnictv\u00ed i technologi\u00ed. D\u016fraz klademe na rozvoj talentu, otev\u0159enou komunikaci a f\u00e9rov\u00fd p\u0159\u00edstup.<\/p>\n\n\n\n<p>Pod\u00edvejte se na aktu\u00e1ln\u00ed pozice a zjist\u011bte, kam se s n\u00e1mi m\u016f\u017eete posunout.<\/p>\n<\/div>\n<\/div>","protected":false},"excerpt":{"rendered":"<p>Hled\u00e1te prost\u0159ed\u00ed, kde m\u00e1 va\u0161e pr\u00e1ce smysl a kde se m\u016f\u017eete profesn\u011b i osobn\u011b posouvat? V Moore Czech Republic v\u011b\u0159\u00edme, \u017ee za ka\u017ed\u00fdm \u00fasp\u011bchem stoj\u00ed lid\u00e9. Proto vytv\u00e1\u0159\u00edme prost\u0159ed\u00ed, kter\u00e9 podporuje r\u016fst, spolupr\u00e1ci i sd\u00edlen\u00ed zku\u0161enost\u00ed nap\u0159\u00ed\u010d celou skupinou. A\u0165 u\u017e jste na za\u010d\u00e1tku kari\u00e9ry, nebo hled\u00e1te dal\u0161\u00ed profesn\u00ed v\u00fdzvu, nab\u00edz\u00edme p\u0159\u00edle\u017eitosti v oblasti poradenstv\u00ed, [&hellip;]<\/p>\n","protected":false},"author":8,"featured_media":0,"parent":0,"menu_order":0,"comment_status":"closed","ping_status":"closed","template":"","meta":{"_acf_changed":false,"footnotes":""},"class_list":["post-781","page","type-page","status-publish","hentry"],"acf":[],"yoast_head":"<!-- This site is optimized with the Yoast SEO plugin v27.2 - https:\/\/yoast.com\/product\/yoast-seo-wordpress\/ -->\n<title>Kari\u00e9ra - Moore Czech Republic<\/title>\n<meta name=\"description\" content=\"Hled\u00e1te prost\u0159ed\u00ed, kde m\u00e1 va\u0161e pr\u00e1ce smysl a kde se m\u016f\u017eete profesn\u011b i osobn\u011b posouvat? Pod\u00edvejte se na aktu\u00e1ln\u00ed pozice!\" \/>\n<meta name=\"robots\" content=\"index, follow, max-snippet:-1, max-image-preview:large, max-video-preview:-1\" \/>\n<link rel=\"canonical\" href=\"https:\/\/www.moore-czech.cz\/en\/kariera\/\" \/>\n<meta property=\"og:locale\" content=\"en_GB\" \/>\n<meta property=\"og:type\" content=\"article\" \/>\n<meta property=\"og:title\" content=\"Kari\u00e9ra - Moore Czech Republic\" \/>\n<meta property=\"og:description\" content=\"Hled\u00e1te prost\u0159ed\u00ed, kde m\u00e1 va\u0161e pr\u00e1ce smysl a kde se m\u016f\u017eete profesn\u011b i osobn\u011b posouvat? Pod\u00edvejte se na aktu\u00e1ln\u00ed pozice!\" \/>\n<meta property=\"og:url\" content=\"https:\/\/www.moore-czech.cz\/en\/kariera\/\" \/>\n<meta property=\"og:site_name\" content=\"Moore Czech Republic\" \/>\n<meta property=\"article:modified_time\" content=\"2026-04-20T12:36:27+00:00\" \/>\n<meta property=\"og:image\" content=\"https:\/\/www.moore-czech.cz\/wp-content\/uploads\/sites\/3\/2026\/04\/14879.jpg\" \/>\n<meta name=\"twitter:card\" content=\"summary_large_image\" \/>\n<meta name=\"twitter:label1\" content=\"Est. reading time\" \/>\n\t<meta name=\"twitter:data1\" content=\"1 minute\" \/>\n<script type=\"application\/ld+json\" class=\"yoast-schema-graph\">{\"@context\":\"https:\/\/schema.org\",\"@graph\":[{\"@type\":\"WebPage\",\"@id\":\"https:\/\/www.moore-czech.cz\/kariera\/\",\"url\":\"https:\/\/www.moore-czech.cz\/kariera\/\",\"name\":\"Kari\u00e9ra - Moore Czech Republic\",\"isPartOf\":{\"@id\":\"https:\/\/www.moore-czech.cz\/#website\"},\"primaryImageOfPage\":{\"@id\":\"https:\/\/www.moore-czech.cz\/kariera\/#primaryimage\"},\"image\":{\"@id\":\"https:\/\/www.moore-czech.cz\/kariera\/#primaryimage\"},\"thumbnailUrl\":\"https:\/\/www.moore-czech.cz\/wp-content\/uploads\/sites\/3\/2026\/04\/14879.jpg\",\"datePublished\":\"2026-04-20T12:36:25+00:00\",\"dateModified\":\"2026-04-20T12:36:27+00:00\",\"description\":\"Hled\u00e1te prost\u0159ed\u00ed, kde m\u00e1 va\u0161e pr\u00e1ce smysl a kde se m\u016f\u017eete profesn\u011b i osobn\u011b posouvat? Pod\u00edvejte se na aktu\u00e1ln\u00ed pozice!\",\"breadcrumb\":{\"@id\":\"https:\/\/www.moore-czech.cz\/kariera\/#breadcrumb\"},\"inLanguage\":\"en-GB\",\"potentialAction\":[{\"@type\":\"ReadAction\",\"target\":[\"https:\/\/www.moore-czech.cz\/kariera\/\"]}]},{\"@type\":\"ImageObject\",\"inLanguage\":\"en-GB\",\"@id\":\"https:\/\/www.moore-czech.cz\/kariera\/#primaryimage\",\"url\":\"https:\/\/www.moore-czech.cz\/wp-content\/uploads\/sites\/3\/2026\/04\/14879.jpg\",\"contentUrl\":\"https:\/\/www.moore-czech.cz\/wp-content\/uploads\/sites\/3\/2026\/04\/14879.jpg\"},{\"@type\":\"BreadcrumbList\",\"@id\":\"https:\/\/www.moore-czech.cz\/kariera\/#breadcrumb\",\"itemListElement\":[{\"@type\":\"ListItem\",\"position\":1,\"name\":\"Home\",\"item\":\"https:\/\/www.moore-czech.cz\/\"},{\"@type\":\"ListItem\",\"position\":2,\"name\":\"Kari\u00e9ra\"}]},{\"@type\":\"WebSite\",\"@id\":\"https:\/\/www.moore-czech.cz\/#website\",\"url\":\"https:\/\/www.moore-czech.cz\/\",\"name\":\"Moore Czech Republic\",\"description\":\"Str\u00e1nka Moore Czech Republic\",\"potentialAction\":[{\"@type\":\"SearchAction\",\"target\":{\"@type\":\"EntryPoint\",\"urlTemplate\":\"https:\/\/www.moore-czech.cz\/?s={search_term_string}\"},\"query-input\":{\"@type\":\"PropertyValueSpecification\",\"valueRequired\":true,\"valueName\":\"search_term_string\"}}],\"inLanguage\":\"en-GB\"}]}<\/script>\n<!-- \/ Yoast SEO plugin. -->","yoast_head_json":{"title":"Kari\u00e9ra - Moore Czech Republic","description":"Hled\u00e1te prost\u0159ed\u00ed, kde m\u00e1 va\u0161e pr\u00e1ce smysl a kde se m\u016f\u017eete profesn\u011b i osobn\u011b posouvat? Pod\u00edvejte se na aktu\u00e1ln\u00ed pozice!","robots":{"index":"index","follow":"follow","max-snippet":"max-snippet:-1","max-image-preview":"max-image-preview:large","max-video-preview":"max-video-preview:-1"},"canonical":"https:\/\/www.moore-czech.cz\/en\/kariera\/","og_locale":"en_GB","og_type":"article","og_title":"Kari\u00e9ra - Moore Czech Republic","og_description":"Hled\u00e1te prost\u0159ed\u00ed, kde m\u00e1 va\u0161e pr\u00e1ce smysl a kde se m\u016f\u017eete profesn\u011b i osobn\u011b posouvat? Pod\u00edvejte se na aktu\u00e1ln\u00ed pozice!","og_url":"https:\/\/www.moore-czech.cz\/en\/kariera\/","og_site_name":"Moore Czech Republic","article_modified_time":"2026-04-20T12:36:27+00:00","og_image":[{"url":"https:\/\/www.moore-czech.cz\/wp-content\/uploads\/sites\/3\/2026\/04\/14879.jpg","type":"","width":"","height":""}],"twitter_card":"summary_large_image","twitter_misc":{"Est. reading time":"1 minute"},"schema":{"@context":"https:\/\/schema.org","@graph":[{"@type":"WebPage","@id":"https:\/\/www.moore-czech.cz\/kariera\/","url":"https:\/\/www.moore-czech.cz\/kariera\/","name":"Kari\u00e9ra - Moore Czech Republic","isPartOf":{"@id":"https:\/\/www.moore-czech.cz\/#website"},"primaryImageOfPage":{"@id":"https:\/\/www.moore-czech.cz\/kariera\/#primaryimage"},"image":{"@id":"https:\/\/www.moore-czech.cz\/kariera\/#primaryimage"},"thumbnailUrl":"https:\/\/www.moore-czech.cz\/wp-content\/uploads\/sites\/3\/2026\/04\/14879.jpg","datePublished":"2026-04-20T12:36:25+00:00","dateModified":"2026-04-20T12:36:27+00:00","description":"Hled\u00e1te prost\u0159ed\u00ed, kde m\u00e1 va\u0161e pr\u00e1ce smysl a kde se m\u016f\u017eete profesn\u011b i osobn\u011b posouvat? Pod\u00edvejte se na aktu\u00e1ln\u00ed pozice!","breadcrumb":{"@id":"https:\/\/www.moore-czech.cz\/kariera\/#breadcrumb"},"inLanguage":"en-GB","potentialAction":[{"@type":"ReadAction","target":["https:\/\/www.moore-czech.cz\/kariera\/"]}]},{"@type":"ImageObject","inLanguage":"en-GB","@id":"https:\/\/www.moore-czech.cz\/kariera\/#primaryimage","url":"https:\/\/www.moore-czech.cz\/wp-content\/uploads\/sites\/3\/2026\/04\/14879.jpg","contentUrl":"https:\/\/www.moore-czech.cz\/wp-content\/uploads\/sites\/3\/2026\/04\/14879.jpg"},{"@type":"BreadcrumbList","@id":"https:\/\/www.moore-czech.cz\/kariera\/#breadcrumb","itemListElement":[{"@type":"ListItem","position":1,"name":"Home","item":"https:\/\/www.moore-czech.cz\/"},{"@type":"ListItem","position":2,"name":"Kari\u00e9ra"}]},{"@type":"WebSite","@id":"https:\/\/www.moore-czech.cz\/#website","url":"https:\/\/www.moore-czech.cz\/","name":"Moore Czech Republic","description":"Str\u00e1nka Moore Czech Republic","potentialAction":[{"@type":"SearchAction","target":{"@type":"EntryPoint","urlTemplate":"https:\/\/www.moore-czech.cz\/?s={search_term_string}"},"query-input":{"@type":"PropertyValueSpecification","valueRequired":true,"valueName":"search_term_string"}}],"inLanguage":"en-GB"}]}},"_links":{"self":[{"href":"https:\/\/www.moore-czech.cz\/en\/wp-json\/wp\/v2\/pages\/781","targetHints":{"allow":["GET"]}}],"collection":[{"href":"https:\/\/www.moore-czech.cz\/en\/wp-json\/wp\/v2\/pages"}],"about":[{"href":"https:\/\/www.moore-czech.cz\/en\/wp-json\/wp\/v2\/types\/page"}],"author":[{"embeddable":true,"href":"https:\/\/www.moore-czech.cz\/en\/wp-json\/wp\/v2\/users\/8"}],"replies":[{"embeddable":true,"href":"https:\/\/www.moore-czech.cz\/en\/wp-json\/wp\/v2\/comments?post=781"}],"version-history":[{"count":0,"href":"https:\/\/www.moore-czech.cz\/en\/wp-json\/wp\/v2\/pages\/781\/revisions"}],"wp:attachment":[{"href":"https:\/\/www.moore-czech.cz\/en\/wp-json\/wp\/v2\/media?parent=781"}],"curies":[{"name":"wp","href":"https:\/\/api.w.org\/{rel}","templated":true}]}}