{"id":435,"date":"2026-01-05T20:42:03","date_gmt":"2026-01-05T20:42:03","guid":{"rendered":"https:\/\/www.moore-czech.cz\/?page_id=435"},"modified":"2026-01-05T20:42:42","modified_gmt":"2026-01-05T20:42:42","slug":"ochrana-osobnich-udaju","status":"publish","type":"page","link":"https:\/\/www.moore-czech.cz\/en\/ochrana-osobnich-udaju\/","title":{"rendered":"Ochrana osobn\u00edch \u00fadaj\u016f"},"content":{"rendered":"<h2 class=\"wp-block-heading\">Ochrana osobn\u00edch \u00fadaj\u016f<\/h2>\n\n\n\n<p><\/p>\n\n\n\n<p>Ochrana Va\u0161eho soukrom\u00ed a Va\u0161ich osobn\u00edch \u00fadaj\u016f je pro n\u00e1s d\u016fle\u017eit\u00e1. Proto jsme zavedli d\u016fsledn\u00e1 technick\u00e1 a organiza\u010dn\u00ed opat\u0159en\u00ed, aby Va\u0161e osobn\u00ed \u00fadaje, pokud je budeme zpracov\u00e1vat, byly v&nbsp;bezpe\u010d\u00ed. Osobn\u00ed \u00fadaje zpracov\u00e1v\u00e1me (a jsme jejich spr\u00e1vci) v&nbsp;souladu s&nbsp;Na\u0159\u00edzen\u00edm Evropsk\u00e9ho parlamentu a Rady (EU) 2016\/679 ze dne 27. dubna 2016 o ochran\u011b fyzick\u00fdch osob v souvislosti se zpracov\u00e1n\u00edm osobn\u00edch \u00fadaj\u016f a o voln\u00e9m pohybu t\u011bchto \u00fadaj\u016f a o zru\u0161en\u00ed sm\u011brnice 95\/46\/ES (Na\u0159\u00edzen\u00ed GDPR) a souvisej\u00edc\u00ed \u010deskou pr\u00e1vn\u00ed \u00fapravou, a to zejm\u00e9na se z\u00e1konem \u010d. 110\/2019 Sb., o zpracov\u00e1n\u00ed osobn\u00edch \u00fadaj\u016f.<\/p>\n\n\n\n<p>Va\u0161e osobn\u00ed \u00fadaje zpracov\u00e1v\u00e1me v&nbsp;n\u00ed\u017ee uveden\u00fdch p\u0159\u00edpadech:<\/p>\n\n\n\n<ul class=\"wp-block-list\">\n<li>Po\u017e\u00e1d\u00e1te n\u00e1s o kontakt prost\u0159ednictv\u00edm webov\u00e9ho formul\u00e1\u0159e;<\/li>\n\n\n\n<li>Za\u0161lete n\u00e1m \u017eivotopis v\u00a0p\u0159\u00edpad\u011b z\u00e1jmu o pr\u00e1ci u n\u00e1s;<\/li>\n\n\n\n<li>P\u0159i prohl\u00ed\u017een\u00ed na\u0161ich webov\u00fdch str\u00e1nek.<\/li>\n<\/ul>\n\n\n\n<p><strong>Jak\u00e9 osobn\u00ed \u00fadaje zpracov\u00e1v\u00e1me v p\u0159\u00edpad\u011b kontaktov\u00e1n\u00ed prost\u0159ednictv\u00edm webov\u00e9ho formul\u00e1\u0159e?<\/strong><\/p>\n\n\n\n<p>K&nbsp;p\u0159\u00edstupu na na\u0161e webov\u00e9 str\u00e1nky nen\u00ed nutn\u00e1 registrace. Pokud n\u00e1m budete cht\u00edt napsat, m\u016f\u017eete vyu\u017e\u00edt na\u0161eho kontaktn\u00edho formul\u00e1\u0159e. V&nbsp;p\u0159\u00edpad\u011b, \u017ee rozhodnete vyu\u017e\u00edt na\u0161eho kontaktn\u00edho formul\u00e1\u0159e, staneme se spr\u00e1vci Va\u0161ich osobn\u00edch \u00fadaj\u016f a budeme o V\u00e1s zpracov\u00e1vat n\u00e1sleduj\u00edc\u00ed osobn\u00ed \u00fadaje:<\/p>\n\n\n\n<p>Jm\u00e9no a p\u0159\u00edjmen\u00ed, email, telefonn\u00ed \u010d\u00edslo. Tyto osobn\u00ed \u00fadaje zpracov\u00e1v\u00e1me proto, abychom mohli na V\u00e1\u0161 dotaz \u010di po\u017eadavek adekv\u00e1tn\u011b reagovat. Tyto osobn\u00ed \u00fadaje zpracov\u00e1v\u00e1me po dobu 1 roku, a to na z\u00e1klad\u011b \u010dl. 6, odst. 1, p\u00edsm. f) Na\u0159\u00edzen\u00ed GDPR, tj. na z\u00e1klad\u011b tzv. opr\u00e1vn\u011bn\u00e9ho z\u00e1jmu.<\/p>\n\n\n\n<p><strong>Jak\u00e9 osobn\u00ed \u00fadaje zpracov\u00e1v\u00e1me v&nbsp;p\u0159\u00edpad\u011b Va\u0161eho z\u00e1jmu o pr\u00e1ci u n\u00e1s?<\/strong><\/p>\n\n\n\n<p>V&nbsp;p\u0159\u00edpad\u011b, \u017ee V\u00e1s zaujala n\u011bkter\u00e1 z&nbsp;na\u0161ich pracovn\u00edch nab\u00eddek, a vy se rozhodnete na tuto nab\u00eddku reagovat, staneme se spr\u00e1vci Va\u0161ich osobn\u00edch \u00fadaj\u016f. Jak\u00e9 osobn\u00ed \u00fadaje n\u00e1m p\u0159\u00edpad\u011b odpov\u011bdi na pracovn\u00ed nab\u00eddku sd\u011bl\u00edte (v \u017eivotopise, motiva\u010dn\u00edm dopise apod.) je prim\u00e1rn\u011b na V\u00e1s. Obvykle se jedn\u00e1 o n\u00e1sleduj\u00edc\u00ed osobn\u00ed \u00fadaje:<\/p>\n\n\n\n<p>Jm\u00e9no a p\u0159\u00edjmen\u00ed, email, telefonn\u00ed \u010d\u00edslo, adresa bydli\u0161t\u011b, vzd\u011bl\u00e1n\u00ed, dosavadn\u00ed praxe. Tyto osobn\u00ed \u00fadaje zpracov\u00e1v\u00e1me zejm\u00e9na proto, abychom V\u00e1s mohli za\u0159adit do v\u00fdb\u011brov\u00e9ho \u0159\u00edzen\u00ed na danou pozici. Tyto osobn\u00ed \u00fadaje zpracov\u00e1v\u00e1me pouze po dobu trv\u00e1n\u00ed v\u00fdb\u011brov\u00e9ho \u0159\u00edzen\u00ed, a to na z\u00e1klad\u011b \u010dl. 6, odst. 1, p\u00edsm. b) Na\u0159\u00edzen\u00ed GDPR, tj. na z\u00e1klad\u011b pln\u011bn\u00ed smlouvy (resp. opat\u0159en\u00ed p\u0159ed uzav\u0159en\u00edm smlouvy).<\/p>\n\n\n\n<p>M\u016f\u017ee se st\u00e1t, \u017ee v&nbsp;r\u00e1mci v\u00fdb\u011brov\u00e9ho \u0159\u00edzen\u00ed d\u00e1me p\u0159ednost jin\u00e9mu uchaze\u010di, ale p\u0159esto si budeme cht\u00edt V\u00e1\u0161 \u017eivotopis, resp. informace o V\u00e1s uchovat pro p\u0159\u00edpadnou komunikaci v&nbsp;budoucnosti, \u010di pro p\u0159\u00edpadnou nab\u00eddku jin\u00e9 pracovn\u00ed pozice. V&nbsp;tomto p\u0159\u00edpad\u011b V\u00e1s po\u017e\u00e1d\u00e1me o vysloven\u00ed souhlasu s&nbsp;takov\u00fdm zpracov\u00e1n\u00edm osobn\u00edch \u00fadaj\u016f. Pokud n\u00e1m souhlas ud\u011bl\u00edte, budeme Va\u0161e osobn\u00ed \u00fadaje, kter\u00e9 jste m\u00e1m poskytl\/a, zpracov\u00e1vat po dobu 3 let od ud\u011blen\u00ed souhlasu, a to na z\u00e1klad\u011b \u010dl. 6, odst. 1, p\u00edsm. a) Na\u0159\u00edzen\u00ed GDPR, tj. na z\u00e1klad\u011b souhlasu. Sv\u016fj souhlas m\u00e1te pr\u00e1vo kdykoli odvolat.<\/p>\n\n\n\n<p><strong>Jak\u00e9 osobn\u00ed \u00fadaje (cookies) zpracov\u00e1v\u00e1me, kdy\u017e si prohl\u00ed\u017e\u00edte na\u0161e webov\u00e9 str\u00e1nky?<\/strong><\/p>\n\n\n\n<p>Na\u0161e webov\u00e9 str\u00e1nky vyu\u017e\u00edvaj\u00ed tzv. cookies. Cookie umo\u017e\u0148uje webov\u00e9 str\u00e1nce zaznamenat informace o Va\u0161\u00ed n\u00e1v\u0161t\u011bv\u011b (nap\u0159. zvolenou jazykovou mutaci webov\u00e9 str\u00e1nky) a vyu\u017e\u00edt je, pokud si na\u0161e webov\u00e9 str\u00e1nky zobraz\u00edte v&nbsp;budoucnu. Cookie je soubor, kter\u00fd webov\u00e1 str\u00e1nka ulo\u017e\u00ed ve Va\u0161em webov\u00e9m prohl\u00ed\u017ee\u010di a vyu\u017eije je p\u0159i Va\u0161\u00ed p\u0159\u00ed\u0161t\u00ed n\u00e1v\u0161t\u011bv\u011b. Na na\u0161ich webov\u00fdch str\u00e1nk\u00e1ch vyu\u017e\u00edv\u00e1me dva druhy cookies.<\/p>\n\n\n\n<p>Zaprv\u00e9, vyu\u017e\u00edv\u00e1me cookies, kter\u00e9 jsou nezbytn\u011b nutn\u00e9 pro technick\u00e9 zaji\u0161t\u011bn\u00ed provozu na\u0161ich webov\u00fdch str\u00e1nek, a to na z\u00e1klad\u011b \u010dl. 6, odst. 1, p\u00edsm. f) Na\u0159\u00edzen\u00ed GDPR, tj. na z\u00e1klad\u011b tzv. opr\u00e1vn\u011bn\u00e9ho z\u00e1jmu.<\/p>\n\n\n\n<p>Zadruh\u00e9, vyu\u017e\u00edv\u00e1me cookies, kter\u00e9 nejsou pro zaji\u0161t\u011bn\u00ed provozu webov\u00fdch str\u00e1nek nezbytn\u00e9, ale pom\u00e1haj\u00ed n\u00e1m nap\u0159. analyzovat n\u00e1v\u0161t\u011bvnost na na\u0161ich webov\u00fdch str\u00e1nk\u00e1ch. Jeliko\u017e tyto cookies nejsou nezbytn\u00e9 pro technick\u00e9 zaji\u0161t\u011bn\u00ed provozu na\u0161ich webov\u00fdch str\u00e1nek, vyu\u017e\u00edv\u00e1me tyto cookies na z\u00e1klad\u011b Va\u0161eho souhlasu, a to na z\u00e1klad\u011b \u010dl. 6, odst. 1, p\u00edsm. a) Na\u0159\u00edzen\u00ed GDPR, tj. na z\u00e1klad\u011b souhlasu. \u017d\u00e1dost o ud\u011blen\u00ed tohoto souhlasu se V\u00e1m zobraz\u00ed v&nbsp;horn\u00ed \u010d\u00e1sti webov\u00fdch str\u00e1nek p\u0159i jejich n\u00e1v\u0161t\u011bv\u011b.<\/p>\n\n\n\n<p><strong>Jak\u00e1 m\u00e1te v&nbsp;souvislosti se zpracov\u00e1n\u00edm osobn\u00edch \u00fadaj\u016f pr\u00e1va?<\/strong><\/p>\n\n\n\n<p><strong><u>Pr\u00e1vo na p\u0159\u00edstup k&nbsp;osobn\u00edm \u00fadaj\u016fm:<\/u><\/strong><br>M\u016f\u017eete od n\u00e1s po\u017eadovat informaci, zda osobn\u00ed \u00fadaje, kter\u00e9 se V\u00e1s t\u00fdkaj\u00ed, zpracov\u00e1v\u00e1me \u010di nikoli. Pokud tomu tak je, m\u00e1te pr\u00e1vo z\u00edskat p\u0159\u00edstup k&nbsp;t\u011bmto osobn\u00edm \u00fadaj\u016fm a&nbsp;k&nbsp;n\u00e1sleduj\u00edc\u00edm informac\u00edm:<\/p>\n\n\n\n<ul class=\"wp-block-list\">\n<li>\u00da\u010del zpracov\u00e1n\u00ed osobn\u00edch \u00fadaj\u016f;<\/li>\n\n\n\n<li>Kategorie dot\u010den\u00fdch osobn\u00edch \u00fadaj\u016f;<\/li>\n\n\n\n<li>P\u0159\u00edjemci nebo kategorie p\u0159\u00edjemc\u016f osobn\u00edch \u00fadaj\u016f;<\/li>\n\n\n\n<li>Doba, po kterou budou osobn\u00ed \u00fadaje uchov\u00e1v\u00e1ny;<\/li>\n\n\n\n<li>Zdroje osobn\u00edch \u00fadaj\u016f;<\/li>\n\n\n\n<li>Skute\u010dnost, zda doch\u00e1z\u00ed k\u00a0automatizovan\u00e9mu rozhodov\u00e1n\u00ed, v\u010detn\u011b profilov\u00e1n\u00ed.<\/li>\n<\/ul>\n\n\n\n<p>Pokud n\u00e1s o to po\u017e\u00e1d\u00e1te, poskytneme V\u00e1m kopii zpracov\u00e1van\u00fdch osobn\u00edch \u00fadaj\u016f, kter\u00e9 o V\u00e1s zpracov\u00e1v\u00e1me, a to bezplatn\u011b.<\/p>\n\n\n\n<p><strong><u>Pr\u00e1vo na opravu, dopln\u011bn\u00ed \u010di v\u00fdmaz:<\/u><\/strong><\/p>\n\n\n\n<p>V&nbsp;p\u0159\u00edpad\u011b, \u017ee se se domn\u00edv\u00e1te, \u017ee prov\u00e1d\u00edme zpracov\u00e1n\u00ed osobn\u00edch \u00fadaj\u016f v rozporu s ochranou Va\u0161eho soukrom\u00e9ho a osobn\u00edho \u017eivota nebo v&nbsp;rozporu se z\u00e1konem, zejm\u00e9na jsou-li osobn\u00ed \u00fadaje nep\u0159esn\u00e9 s ohledem na \u00fa\u010del jejich zpracov\u00e1n\u00ed, m\u016f\u017eete n\u00e1s po\u017e\u00e1dat o opravu \u010di v\u00fdmaz (likvidaci) t\u011bchto osobn\u00edch \u00fadaj\u016f, pop\u0159\u00edpad\u011b omezen\u00ed (blokaci) zpracov\u00e1n\u00ed. D\u00e1le m\u016f\u017eete vzn\u00e9st n\u00e1mitku proti takov\u00e9mu zpracov\u00e1n\u00ed.<\/p>\n\n\n\n<p><strong><u>Pr\u00e1vo na omezen\u00ed:<\/u><\/strong><\/p>\n\n\n\n<p>M\u00e1te pr\u00e1vo na to, aby zpracov\u00e1n\u00ed osobn\u00edch \u00fadaj\u016f, kter\u00e9 se V\u00e1s p\u0159\u00edmo t\u00fdk\u00e1, bylo omezeno.<\/p>\n\n\n\n<p><strong><u>Pr\u00e1vo na p\u0159enositelnost \u00fadaj\u016f:<\/u><\/strong><\/p>\n\n\n\n<p>Za ur\u010dit\u00fdch podm\u00ednek m\u00e1te pr\u00e1vo z\u00edskat osobn\u00ed \u00fadaje, kter\u00e9 se V\u00e1s t\u00fdkaj\u00ed a je\u017e jste n\u00e1m poskytl\/a, ve strukturovan\u00e9m, b\u011b\u017en\u011b pou\u017e\u00edvan\u00e9m a strojov\u011b \u010diteln\u00e9m form\u00e1tu, a pr\u00e1vo p\u0159edat tyto \u00fadaje jin\u00e9mu spr\u00e1vci, ani\u017e by tomu p\u016fvodn\u00ed spr\u00e1vce br\u00e1nil. Z\u00e1rove\u0148 m\u00e1te sou\u010dasn\u011b pr\u00e1vo, pokud n\u00e1s o to po\u017e\u00e1d\u00e1te, na to, abychom p\u0159edali Va\u0161e osobn\u00ed \u00fadaje ve strukturovan\u00e9m, b\u011b\u017en\u011b pou\u017e\u00edvan\u00e9m a strojov\u011b \u010diteln\u00e9m form\u00e1tu jin\u00e9mu spr\u00e1vci, je-li to technicky provediteln\u00e9.<\/p>\n\n\n\n<p><strong><u>Pr\u00e1vo vzn\u00e9st n\u00e1mitku:<\/u><\/strong><\/p>\n\n\n\n<p>M\u00e1te pr\u00e1vo vzn\u00e9st n\u00e1mitku, z d\u016fvod\u016f t\u00fdkaj\u00edc\u00edch se Va\u0161\u00ed konkr\u00e9tn\u00ed situace, proti zpracov\u00e1n\u00ed osobn\u00edch \u00fadaj\u016f, kter\u00e9 jsou zpracov\u00e1v\u00e1ny na z\u00e1klad\u011b pr\u00e1vn\u00edch d\u016fvod\u016f, pr\u00e1vo kdykoli&nbsp;vzn\u00e9st n\u00e1mitku:<\/p>\n\n\n\n<ul class=\"wp-block-list\">\n<li>Zpracov\u00e1n\u00ed je nezbytn\u00e9 pro pln\u011bn\u00ed \u00fakolu prov\u00e1d\u011bn\u00e9ho ve ve\u0159ejn\u00e9m z\u00e1jmu nebo p\u0159i v\u00fdkonu ve\u0159ejn\u00e9 moci, kter\u00fdm je spr\u00e1vce pov\u011b\u0159en;<\/li>\n\n\n\n<li>Zpracov\u00e1n\u00ed je nezbytn\u00e9 pro \u00fa\u010dely opr\u00e1vn\u011bn\u00fdch z\u00e1jm\u016f p\u0159\u00edslu\u0161n\u00e9ho spr\u00e1vce \u010di t\u0159et\u00ed strany.<\/li>\n<\/ul>\n\n\n\n<p>N\u00e1mitku lze vzn\u00e9st i proti zpracov\u00e1n\u00ed osobn\u00edch \u00fadaj\u016f pro \u00fa\u010dely p\u0159\u00edm\u00e9ho marketingu nebo profilov\u00e1n\u00ed. Pokud vznesete n\u00e1mitku proti zpracov\u00e1n\u00ed pro \u00fa\u010dely p\u0159\u00edm\u00e9ho marketingu, nebudeme ji\u017e Va\u0161e osobn\u00ed \u00fadaje pro tyto \u00fa\u010dely d\u00e1le zpracov\u00e1vat.<\/p>\n\n\n\n<p><strong><u>Pr\u00e1vo neb\u00fdt p\u0159edm\u011btem automatizovan\u00e9ho individu\u00e1ln\u00edho rozhodov\u00e1n\u00ed s pr\u00e1vn\u00edmi \u010di obdobn\u00fdmi \u00fa\u010dinky, zahrnuj\u00edce i profilov\u00e1n\u00ed:<\/u><\/strong><\/p>\n\n\n\n<p>M\u00e1te pr\u00e1vo neb\u00fdt p\u0159edm\u011btem rozhodnut\u00ed zalo\u017een\u00e9ho v\u00fdhradn\u011b na automatizovan\u00e9m zpracov\u00e1n\u00ed, v\u010detn\u011b profilov\u00e1n\u00ed, kter\u00e9 m\u00e1 pro V\u00e1s pr\u00e1vn\u00ed \u00fa\u010dinky nebo se V\u00e1s obdobn\u00fdm zp\u016fsobem v\u00fdznamn\u011b dot\u00fdk\u00e1.&nbsp; Automatizovan\u00e9 rozhodov\u00e1n\u00ed je p\u0159\u00edpustn\u00e9 v p\u0159\u00edpad\u011b, kdy je nezbytn\u00e9 k uzav\u0159en\u00ed nebo pln\u011bn\u00ed smlouvy mezi V\u00e1mi a n\u00e1mi, pokud je povoleno pr\u00e1vem EU nebo \u010dlensk\u00fdm st\u00e1tem nebo pokud je zalo\u017eeno na Va\u0161em v\u00fdslovn\u00e9m souhlasu.<\/p>\n\n\n\n<p>D\u00e1le m\u00e1te pr\u00e1vo se kdykoliv obr\u00e1tit se sv\u00fdm podn\u011btem na dozorov\u00fd org\u00e1n, kter\u00fdm je:<\/p>\n\n\n\n<p><strong>\u00da\u0159ad pro ochranu osobn\u00edch \u00fadaj\u016f<\/strong><\/p>\n\n\n\n<p>S\u00eddlo: pplk. Sochora 727\/27, 170 00 Praha 7 \u2013 Hole\u0161ovice<br>Tel. \u010d.: +420 234 665&nbsp;111<br><br>Pokud se n\u00e1s v&nbsp;souvislosti se zpracov\u00e1n\u00edm osobn\u00edch \u00fadaj\u016f pot\u0159ebujete na n\u011bco zeptat \u010di vyu\u017e\u00edt n\u011bkter\u00e9ho z&nbsp;Va\u0161ich pr\u00e1v, m\u016f\u017eete n\u00e1s kontaktovat na n\u00e1sleduj\u00edc\u00ed emailov\u00e9 adrese:&nbsp;<a href=\"https:\/\/web.archive.org\/web\/20231210161221\/mailto:gdpr@moore-czech.cz\">gdpr@moore-czech.cz<\/a><\/p>","protected":false},"excerpt":{"rendered":"<p>Ochrana osobn\u00edch \u00fadaj\u016f Ochrana Va\u0161eho soukrom\u00ed a Va\u0161ich osobn\u00edch \u00fadaj\u016f je pro n\u00e1s d\u016fle\u017eit\u00e1. Proto jsme zavedli d\u016fsledn\u00e1 technick\u00e1 a organiza\u010dn\u00ed opat\u0159en\u00ed, aby Va\u0161e osobn\u00ed \u00fadaje, pokud je budeme zpracov\u00e1vat, byly v&nbsp;bezpe\u010d\u00ed. Osobn\u00ed \u00fadaje zpracov\u00e1v\u00e1me (a jsme jejich spr\u00e1vci) v&nbsp;souladu s&nbsp;Na\u0159\u00edzen\u00edm Evropsk\u00e9ho parlamentu a Rady (EU) 2016\/679 ze dne 27. dubna 2016 o ochran\u011b fyzick\u00fdch [&hellip;]<\/p>\n","protected":false},"author":35,"featured_media":0,"parent":0,"menu_order":0,"comment_status":"closed","ping_status":"closed","template":"","meta":{"_acf_changed":false,"footnotes":""},"class_list":["post-435","page","type-page","status-publish","hentry"],"acf":[],"yoast_head":"<!-- This site is optimized with the Yoast SEO plugin v27.5 - https:\/\/yoast.com\/product\/yoast-seo-wordpress\/ -->\n<title>Ochrana osobn\u00edch \u00fadaj\u016f - Moore Czech Republic<\/title>\n<meta name=\"robots\" content=\"index, follow, max-snippet:-1, max-image-preview:large, max-video-preview:-1\" \/>\n<link rel=\"canonical\" href=\"https:\/\/www.moore-czech.cz\/en\/ochrana-osobnich-udaju\/\" \/>\n<meta property=\"og:locale\" content=\"en_GB\" \/>\n<meta property=\"og:type\" content=\"article\" \/>\n<meta property=\"og:title\" content=\"Ochrana osobn\u00edch \u00fadaj\u016f - Moore Czech Republic\" \/>\n<meta property=\"og:description\" content=\"Ochrana osobn\u00edch \u00fadaj\u016f Ochrana Va\u0161eho soukrom\u00ed a Va\u0161ich osobn\u00edch \u00fadaj\u016f je pro n\u00e1s d\u016fle\u017eit\u00e1. Proto jsme zavedli d\u016fsledn\u00e1 technick\u00e1 a organiza\u010dn\u00ed opat\u0159en\u00ed, aby Va\u0161e osobn\u00ed \u00fadaje, pokud je budeme zpracov\u00e1vat, byly v&nbsp;bezpe\u010d\u00ed. Osobn\u00ed \u00fadaje zpracov\u00e1v\u00e1me (a jsme jejich spr\u00e1vci) v&nbsp;souladu s&nbsp;Na\u0159\u00edzen\u00edm Evropsk\u00e9ho parlamentu a Rady (EU) 2016\/679 ze dne 27. dubna 2016 o ochran\u011b fyzick\u00fdch [&hellip;]\" \/>\n<meta property=\"og:url\" content=\"https:\/\/www.moore-czech.cz\/en\/ochrana-osobnich-udaju\/\" \/>\n<meta property=\"og:site_name\" content=\"Moore Czech Republic\" \/>\n<meta property=\"article:modified_time\" content=\"2026-01-05T20:42:42+00:00\" \/>\n<meta name=\"twitter:card\" content=\"summary_large_image\" \/>\n<meta name=\"twitter:label1\" content=\"Est. reading time\" \/>\n\t<meta name=\"twitter:data1\" content=\"6 minutes\" \/>\n<script type=\"application\/ld+json\" class=\"yoast-schema-graph\">{\"@context\":\"https:\\\/\\\/schema.org\",\"@graph\":[{\"@type\":\"WebPage\",\"@id\":\"https:\\\/\\\/www.moore-czech.cz\\\/ochrana-osobnich-udaju\\\/\",\"url\":\"https:\\\/\\\/www.moore-czech.cz\\\/ochrana-osobnich-udaju\\\/\",\"name\":\"Ochrana osobn\u00edch \u00fadaj\u016f - Moore Czech Republic\",\"isPartOf\":{\"@id\":\"https:\\\/\\\/www.moore-czech.cz\\\/#website\"},\"datePublished\":\"2026-01-05T20:42:03+00:00\",\"dateModified\":\"2026-01-05T20:42:42+00:00\",\"breadcrumb\":{\"@id\":\"https:\\\/\\\/www.moore-czech.cz\\\/ochrana-osobnich-udaju\\\/#breadcrumb\"},\"inLanguage\":\"en-GB\",\"potentialAction\":[{\"@type\":\"ReadAction\",\"target\":[\"https:\\\/\\\/www.moore-czech.cz\\\/ochrana-osobnich-udaju\\\/\"]}]},{\"@type\":\"BreadcrumbList\",\"@id\":\"https:\\\/\\\/www.moore-czech.cz\\\/ochrana-osobnich-udaju\\\/#breadcrumb\",\"itemListElement\":[{\"@type\":\"ListItem\",\"position\":1,\"name\":\"Home\",\"item\":\"https:\\\/\\\/www.moore-czech.cz\\\/\"},{\"@type\":\"ListItem\",\"position\":2,\"name\":\"Ochrana osobn\u00edch \u00fadaj\u016f\"}]},{\"@type\":\"WebSite\",\"@id\":\"https:\\\/\\\/www.moore-czech.cz\\\/#website\",\"url\":\"https:\\\/\\\/www.moore-czech.cz\\\/\",\"name\":\"Moore Czech Republic\",\"description\":\"Str\u00e1nka Moore Czech Republic\",\"potentialAction\":[{\"@type\":\"SearchAction\",\"target\":{\"@type\":\"EntryPoint\",\"urlTemplate\":\"https:\\\/\\\/www.moore-czech.cz\\\/?s={search_term_string}\"},\"query-input\":{\"@type\":\"PropertyValueSpecification\",\"valueRequired\":true,\"valueName\":\"search_term_string\"}}],\"inLanguage\":\"en-GB\"}]}<\/script>\n<!-- \/ Yoast SEO plugin. -->","yoast_head_json":{"title":"Ochrana osobn\u00edch \u00fadaj\u016f - Moore Czech Republic","robots":{"index":"index","follow":"follow","max-snippet":"max-snippet:-1","max-image-preview":"max-image-preview:large","max-video-preview":"max-video-preview:-1"},"canonical":"https:\/\/www.moore-czech.cz\/en\/ochrana-osobnich-udaju\/","og_locale":"en_GB","og_type":"article","og_title":"Ochrana osobn\u00edch \u00fadaj\u016f - Moore Czech Republic","og_description":"Ochrana osobn\u00edch \u00fadaj\u016f Ochrana Va\u0161eho soukrom\u00ed a Va\u0161ich osobn\u00edch \u00fadaj\u016f je pro n\u00e1s d\u016fle\u017eit\u00e1. Proto jsme zavedli d\u016fsledn\u00e1 technick\u00e1 a organiza\u010dn\u00ed opat\u0159en\u00ed, aby Va\u0161e osobn\u00ed \u00fadaje, pokud je budeme zpracov\u00e1vat, byly v&nbsp;bezpe\u010d\u00ed. Osobn\u00ed \u00fadaje zpracov\u00e1v\u00e1me (a jsme jejich spr\u00e1vci) v&nbsp;souladu s&nbsp;Na\u0159\u00edzen\u00edm Evropsk\u00e9ho parlamentu a Rady (EU) 2016\/679 ze dne 27. dubna 2016 o ochran\u011b fyzick\u00fdch [&hellip;]","og_url":"https:\/\/www.moore-czech.cz\/en\/ochrana-osobnich-udaju\/","og_site_name":"Moore Czech Republic","article_modified_time":"2026-01-05T20:42:42+00:00","twitter_card":"summary_large_image","twitter_misc":{"Est. reading time":"6 minutes"},"schema":{"@context":"https:\/\/schema.org","@graph":[{"@type":"WebPage","@id":"https:\/\/www.moore-czech.cz\/ochrana-osobnich-udaju\/","url":"https:\/\/www.moore-czech.cz\/ochrana-osobnich-udaju\/","name":"Ochrana osobn\u00edch \u00fadaj\u016f - Moore Czech Republic","isPartOf":{"@id":"https:\/\/www.moore-czech.cz\/#website"},"datePublished":"2026-01-05T20:42:03+00:00","dateModified":"2026-01-05T20:42:42+00:00","breadcrumb":{"@id":"https:\/\/www.moore-czech.cz\/ochrana-osobnich-udaju\/#breadcrumb"},"inLanguage":"en-GB","potentialAction":[{"@type":"ReadAction","target":["https:\/\/www.moore-czech.cz\/ochrana-osobnich-udaju\/"]}]},{"@type":"BreadcrumbList","@id":"https:\/\/www.moore-czech.cz\/ochrana-osobnich-udaju\/#breadcrumb","itemListElement":[{"@type":"ListItem","position":1,"name":"Home","item":"https:\/\/www.moore-czech.cz\/"},{"@type":"ListItem","position":2,"name":"Ochrana osobn\u00edch \u00fadaj\u016f"}]},{"@type":"WebSite","@id":"https:\/\/www.moore-czech.cz\/#website","url":"https:\/\/www.moore-czech.cz\/","name":"Moore Czech Republic","description":"Str\u00e1nka Moore Czech Republic","potentialAction":[{"@type":"SearchAction","target":{"@type":"EntryPoint","urlTemplate":"https:\/\/www.moore-czech.cz\/?s={search_term_string}"},"query-input":{"@type":"PropertyValueSpecification","valueRequired":true,"valueName":"search_term_string"}}],"inLanguage":"en-GB"}]}},"_links":{"self":[{"href":"https:\/\/www.moore-czech.cz\/en\/wp-json\/wp\/v2\/pages\/435","targetHints":{"allow":["GET"]}}],"collection":[{"href":"https:\/\/www.moore-czech.cz\/en\/wp-json\/wp\/v2\/pages"}],"about":[{"href":"https:\/\/www.moore-czech.cz\/en\/wp-json\/wp\/v2\/types\/page"}],"author":[{"embeddable":true,"href":"https:\/\/www.moore-czech.cz\/en\/wp-json\/wp\/v2\/users\/35"}],"replies":[{"embeddable":true,"href":"https:\/\/www.moore-czech.cz\/en\/wp-json\/wp\/v2\/comments?post=435"}],"version-history":[{"count":0,"href":"https:\/\/www.moore-czech.cz\/en\/wp-json\/wp\/v2\/pages\/435\/revisions"}],"wp:attachment":[{"href":"https:\/\/www.moore-czech.cz\/en\/wp-json\/wp\/v2\/media?parent=435"}],"curies":[{"name":"wp","href":"https:\/\/api.w.org\/{rel}","templated":true}]}}